{"id":10725,"date":"2023-10-04T02:08:11","date_gmt":"2023-10-03T23:08:11","guid":{"rendered":"https:\/\/www.yukselpaketleme.com\/?page_id=10725"},"modified":"2023-10-04T02:13:08","modified_gmt":"2023-10-03T23:13:08","slug":"references","status":"publish","type":"page","link":"https:\/\/www.yukselpaketleme.com\/en\/references\/","title":{"rendered":"References"},"content":{"rendered":"\t\t<div data-elementor-type=\"wp-page\" data-elementor-id=\"10725\" class=\"elementor elementor-10725\">\n\t\t\t\t        <section class=\"elementor-section elementor-top-section elementor-element elementor-element-314139d7 elementor-section-content-middle elementor-section-boxed elementor-section-height-default elementor-section-height-default\" data-id=\"314139d7\" data-element_type=\"section\">\n            \n                        <div class=\"elementor-container elementor-column-gap-extended \">\n                    <div class=\"elementor-column elementor-col-50 elementor-top-column elementor-element elementor-element-5c75a3f5\" data-id=\"5c75a3f5\" data-element_type=\"column\">\n        <div class=\"elementor-widget-wrap elementor-element-populated\">\n                    \n        \t\t<div class=\"elementor-element elementor-element-9ed55c2 elementor-widget elementor-widget-ct_heading\" data-id=\"9ed55c2\" data-element_type=\"widget\" data-widget_type=\"ct_heading.default\">\n\t\t\t\t<div class=\"elementor-widget-container\">\n\t\t\t\t\t<div class=\"ct-heading h-align-  sub- ct-heading-left item-st-line-left1\">\r\n\t    <h3 class=\"item--title st-line-left1 \" data-wow-delay=\"ms\">\r\n                <span>\r\n                            <i><\/i>\r\n            \r\n            Y\u00fcksel Machinery\r\n                    <\/span>\r\n            <\/h3>\r\n<\/div>\t\t\t\t<\/div>\n\t\t\t\t<\/div>\n\t\t            <\/div>\n        <\/div>\n                <div class=\"elementor-column elementor-col-50 elementor-top-column elementor-element elementor-element-3aaa0285\" data-id=\"3aaa0285\" data-element_type=\"column\">\n        <div class=\"elementor-widget-wrap elementor-element-populated\">\n                    \n        \t\t<div class=\"elementor-element elementor-element-17375fff elementor-widget elementor-widget-text-editor\" data-id=\"17375fff\" data-element_type=\"widget\" data-widget_type=\"text-editor.default\">\n\t\t\t\t<div class=\"elementor-widget-container\">\n\t\t\t\t\t\t\t\t\t<p>For other references, please contact us&#8230;<\/p>\t\t\t\t\t\t\t\t<\/div>\n\t\t\t\t<\/div>\n\t\t            <\/div>\n        <\/div>\n                    <\/div>\n        <\/section>\n                <section class=\"elementor-section elementor-top-section elementor-element elementor-element-ad6dc5e elementor-section-boxed elementor-section-height-default elementor-section-height-default\" data-id=\"ad6dc5e\" data-element_type=\"section\">\n            \n                        <div class=\"elementor-container elementor-column-gap-extended \">\n                    <div class=\"elementor-column elementor-col-100 elementor-top-column elementor-element elementor-element-8d4fae1\" data-id=\"8d4fae1\" data-element_type=\"column\">\n        <div class=\"elementor-widget-wrap elementor-element-populated\">\n                    \n        \t\t<div class=\"elementor-element elementor-element-ce0955d elementor-widget elementor-widget-ct_text_editor\" data-id=\"ce0955d\" data-element_type=\"widget\" data-widget_type=\"ct_text_editor.default\">\n\t\t\t\t<div class=\"elementor-widget-container\">\n\t\t\t\t\t<div id=\"ct_text_editor-ce0955d\" class=\"ct-text-editor \" data-wow-delay=\"ms\">\n\t<div class=\"ct-inline-css\"  data-css=\"\n        \t\t\">\n\n    <\/div>\n\t<div class=\"ct-text-editor elementor-clearfix\">\n\t\t<h3 style=\"text-align: center\"><strong>REFERENCES<\/strong><\/h3>\n<table width=\"777\">\n<tbody>\n<tr>\n<td width=\"140\">MERS\u0130N<\/td>\n<td width=\"310\">HC K\u0130MYA<\/td>\n<td width=\"315\">VOLUMETRIC PACKAGING MACHINE<\/td>\n<\/tr>\n<tr>\n<td>KOCAEL\u0130<\/td>\n<td>Y\u00d6NTEM KA\u011eIT<\/td>\n<td>HORIZONTAL PACKAGING MACHINE<\/td>\n<\/tr>\n<tr>\n<td>\u0130STANBUL<\/td>\n<td>HAKSAN GIDA<\/td>\n<td>VOLUMETRIC PACKAGING MACHINE<\/td>\n<\/tr>\n<tr>\n<td>GAZ\u0130ANTEP<\/td>\n<td>SAMS GIDA<\/td>\n<td>10 WEIGHING PACKAGING MACHINE<\/td>\n<\/tr>\n<tr>\n<td>ANKARA<\/td>\n<td>\u00c7EV\u0130R\u0130 PLAST\u0130K<\/td>\n<td>10-HEAD WEIGHER<\/td>\n<\/tr>\n<tr>\n<td>\u0130ZM\u0130R<\/td>\n<td>BURMAO\u011eLU<\/td>\n<td>HORIZONTAL PACKAGING MACHINE<\/td>\n<\/tr>\n<tr>\n<td>GAZ\u0130ANTEP<\/td>\n<td>HAM\u0130T I\u015eIK<\/td>\n<td>10-HEAD WEIGHER<\/td>\n<\/tr>\n<tr>\n<td>KIRIKKALE<\/td>\n<td>KESK\u0130N KADIN G\u0130R\u0130\u015e\u0130M\u0130<\/td>\n<td>2-HEAD PACKAGING MACHINE<\/td>\n<\/tr>\n<tr>\n<td>BURSA<\/td>\n<td>SAYILAN KURUYEM\u0130\u015e<\/td>\n<td>3-HEAD PACKAGING MACHINE<\/td>\n<\/tr>\n<tr>\n<td>\u0130STANBUL<\/td>\n<td>CORNOS GIDA<\/td>\n<td>PALLET PACKAGING MACHINE<\/td>\n<\/tr>\n<tr>\n<td>KIRKLAREL\u0130<\/td>\n<td>MAB\u0130 GIDA<\/td>\n<td>SEMI-AUTOMATIC MACHINE<\/td>\n<\/tr>\n<tr>\n<td>ADIYAMAN<\/td>\n<td>MAYTAT KURUYEM\u0130\u015e<\/td>\n<td>SEMI-AUTOMATIC MACHINE<\/td>\n<\/tr>\n<tr>\n<td>GAZ\u0130ANTEP<\/td>\n<td>BARANTUR<\/td>\n<td>HORIZONTAL PACKAGING MACHINE<\/td>\n<\/tr>\n<tr>\n<td>N\u0130Z\u0130P<\/td>\n<td>SAYAR GIDA<\/td>\n<td>SEMI-AUTOMATIC PACKAGING MACHINE<\/td>\n<\/tr>\n<tr>\n<td>MAN\u0130SA<\/td>\n<td>TET DO\u011eAL KAYNAK<\/td>\n<td>VOLUMETRIC PACKAGING MACHINE<\/td>\n<\/tr>\n<tr>\n<td>MERS\u0130N<\/td>\n<td>P\u0130 PLUS GER\u0130 D\u00d6N\u00dc\u015e\u00dcM<\/td>\n<td>SCREW PACKAGING MACHINE<\/td>\n<\/tr>\n<tr>\n<td>BURSA<\/td>\n<td>MED\u0130CPLUS MED\u0130KAL<\/td>\n<td>HORIZONTAL PACKAGING MACHINE<\/td>\n<\/tr>\n<tr>\n<td>KOCAEL\u0130<\/td>\n<td>\u00dc\u00c7EL BAHARAT<\/td>\n<td>SCREW PACKAGING MACHINE<\/td>\n<\/tr>\n<tr>\n<td>RUSYA<\/td>\n<td>BALDO KAHVE<\/td>\n<td>SCREW PACKAGING MACHINE<\/td>\n<\/tr>\n<tr>\n<td>D\u0130YARBAKIR<\/td>\n<td>TEK\u0130N GIDA<\/td>\n<td>SCREW PACKAGING MACHINE<\/td>\n<\/tr>\n<tr>\n<td>ANTALYA<\/td>\n<td>KAL\u0130BRE GIDA<\/td>\n<td>2-HEAD LINEAR<\/td>\n<\/tr>\n<tr>\n<td>HATAY<\/td>\n<td>B\u0130TAT DI\u015e T\u0130CARET<\/td>\n<td>SCREW PACKAGING MACHINE<\/td>\n<\/tr>\n<tr>\n<td>\u015eANLIURFA<\/td>\n<td>G\u00dcVEN TEKST\u0130L<\/td>\n<td>SCREW PACKAGING MACHINE<\/td>\n<\/tr>\n<tr>\n<td>GAZ\u0130ANTEP<\/td>\n<td>AKASYA GIDA<\/td>\n<td>VOLUMETRIC PACKAGING MACHINE<\/td>\n<\/tr>\n<tr>\n<td>K.KIBRIS<\/td>\n<td>DEDECAN TRAD\u0130NG<\/td>\n<td>VERTICAL PACKAGING MACHINE<\/td>\n<\/tr>\n<tr>\n<td>KAYSER\u0130<\/td>\n<td>\u00d6D\u00dcL TARIM<\/td>\n<td>VERTICAL PACKAGING MACHINE<\/td>\n<\/tr>\n<tr>\n<td>K\u0130L\u0130S<\/td>\n<td>\u0130KBAL GROUP<\/td>\n<td>HORIZONTAL PACKAGING MACHINE<\/td>\n<\/tr>\n<tr>\n<td>\u015e.URFA<\/td>\n<td>AHMET \u00d6NCEL<\/td>\n<td>VERTICAL PACKAGING MACHINE<\/td>\n<\/tr>\n<tr>\n<td>\u0130STANBUL<\/td>\n<td>SGS EL ALETLER\u0130<\/td>\n<td>10-NOZZLE PACKAGING MACHINE<\/td>\n<\/tr>\n<tr>\n<td>ANKARA<\/td>\n<td>FEN\u0130KSAN GIDA<\/td>\n<td>10-NOZZLE PACKAGING MACHINE<\/td>\n<\/tr>\n<tr>\n<td>\u0130STANBUL<\/td>\n<td>F\u0130LE PLAST\u0130K<\/td>\n<td>10-NOZZLE PACKAGING MACHINE<\/td>\n<\/tr>\n<tr>\n<td>ANKARA<\/td>\n<td>PALM\u0130RA GIDA<\/td>\n<td>4-NOZZLE PACKAGING MACHINE<\/td>\n<\/tr>\n<tr>\n<td>RUSYA<\/td>\n<td>ALMAS T\u0130CARET<\/td>\n<td>4-NOZZLE PACKAGING MACHINE<\/td>\n<\/tr>\n<tr>\n<td>BEL\u00c7\u0130KA<\/td>\n<td>MUHTAROGLU SRL DOOREN\u00a0 MERCHTEM<\/td>\n<td>10-NOZZLE PACKAGING MACHINE<\/td>\n<\/tr>\n<tr>\n<td>K.IRAK<\/td>\n<td>HACI KASIM BEY<\/td>\n<td>SCREW PACKAGING MACHINE<\/td>\n<\/tr>\n<tr>\n<td>K.IRAK<\/td>\n<td>HESPERE\u015e\u00a0 GIDA<\/td>\n<td>VOLUMETRIC PACKAGING MACHINE<\/td>\n<\/tr>\n<tr>\n<td>K.K.T.C<\/td>\n<td>SAMPA GIDA<\/td>\n<td>VOLUMETRIC PACKAGING MACHINE<\/td>\n<\/tr>\n<tr>\n<td>MOLDOVA<\/td>\n<td>SAM\u0130R BEY<\/td>\n<td>10-NOZZLE PACKAGING MACHINE<\/td>\n<\/tr>\n<tr>\n<td>KIRGIZ\u0130STAN<\/td>\n<td><\/td>\n<td>10-NOZZLE PACKAGING MACHINE<\/td>\n<\/tr>\n<tr>\n<td>AZARBEYCAN<\/td>\n<td><\/td>\n<td>4-NOZZLE PACKAGING MACHINE<\/td>\n<\/tr>\n<tr>\n<td>K\u0130L\u0130S<\/td>\n<td>\u0130KBAL GROUP<\/td>\n<td>10-NOZZLE CUP FILLING<\/td>\n<\/tr>\n<tr>\n<td>RUSYA KARA\u00c7AY<\/td>\n<td>AL\u0130 KURBAN<\/td>\n<td>10-NOZZLE PACKAGING MACHINE<\/td>\n<\/tr>\n<tr>\n<td>G\u00dcRC\u0130STAN<\/td>\n<td>ERG\u00dc\u00c7 GIDA<\/td>\n<td>4-NOZZLE PACKAGING MACHINE<\/td>\n<\/tr>\n<tr>\n<td>\u0130RAN<\/td>\n<td>FOROZANAZAR GIDA<\/td>\n<td>10-NOZZLE<\/td>\n<\/tr>\n<tr>\n<td>GAZ\u0130ANTEP<\/td>\n<td>AKAY B\u0130SK\u00dcV\u0130<\/td>\n<td>10-NOZZLE PACKAGING MACHINE<\/td>\n<\/tr>\n<tr>\n<td>AFR\u0130KA<\/td>\n<td>YAKUP BEY<\/td>\n<td>CHIP PLANT<\/td>\n<\/tr>\n<tr>\n<td>MARD\u0130N<\/td>\n<td>BUDAK \u00c7AY<\/td>\n<td>4-NOZZLE PACKAGING MACHINE<\/td>\n<\/tr>\n<tr>\n<td>MARD\u0130N<\/td>\n<td>B\u0130SENLER GIDA<\/td>\n<td>4-NOZZLE PACKAGING MACHINE<\/td>\n<\/tr>\n<tr>\n<td>\u015eANLIURFA<\/td>\n<td>AL\u0130 BEY<\/td>\n<td>VOLUMETRIC PACKAGING MACHINE<\/td>\n<\/tr>\n<tr>\n<td>N\u0130Z\u0130P<\/td>\n<td>\u00d6Z SARI BULGUR<\/td>\n<td>SCREW PACKAGING MACHINE<\/td>\n<\/tr>\n<tr>\n<td>N\u0130\u011eDE<\/td>\n<td>ERDEMLER KURUYEM\u0130\u015e<\/td>\n<td>VOLUMETRIC PACKAGING MACHINE<\/td>\n<\/tr>\n<\/tbody>\n<\/table>\t\t\n\t<\/div>\n<\/div>\t\t\t\t<\/div>\n\t\t\t\t<\/div>\n\t\t            <\/div>\n        <\/div>\n                    <\/div>\n        <\/section>\n        \t\t<\/div>\n\t\t","protected":false},"excerpt":{"rendered":"<p>Y\u00fcksel Machinery For other references, please contact us&#8230; REFERENCES MERS\u0130N HC K\u0130MYA VOLUMETRIC PACKAGING MACHINE KOCAEL\u0130 Y\u00d6NTEM KA\u011eIT HORIZONTAL PACKAGING MACHINE \u0130STANBUL HAKSAN GIDA VOLUMETRIC PACKAGING MACHINE GAZ\u0130ANTEP SAMS GIDA 10 WEIGHING PACKAGING MACHINE ANKARA \u00c7EV\u0130R\u0130 PLAST\u0130K 10-HEAD WEIGHER \u0130ZM\u0130R BURMAO\u011eLU HORIZONTAL PACKAGING MACHINE GAZ\u0130ANTEP HAM\u0130T I\u015eIK 10-HEAD WEIGHER KIRIKKALE KESK\u0130N KADIN G\u0130R\u0130\u015e\u0130M\u0130 2-HEAD PACKAGING [&hellip;]<\/p>\n","protected":false},"author":1,"featured_media":0,"parent":0,"menu_order":0,"comment_status":"closed","ping_status":"closed","template":"","meta":{"_monsterinsights_skip_tracking":false,"_monsterinsights_sitenote_active":false,"_monsterinsights_sitenote_note":"","_monsterinsights_sitenote_category":0,"footnotes":""},"class_list":["post-10725","page","type-page","status-publish","hentry"],"aioseo_notices":[],"_links":{"self":[{"href":"https:\/\/www.yukselpaketleme.com\/en\/wp-json\/wp\/v2\/pages\/10725","targetHints":{"allow":["GET"]}}],"collection":[{"href":"https:\/\/www.yukselpaketleme.com\/en\/wp-json\/wp\/v2\/pages"}],"about":[{"href":"https:\/\/www.yukselpaketleme.com\/en\/wp-json\/wp\/v2\/types\/page"}],"author":[{"embeddable":true,"href":"https:\/\/www.yukselpaketleme.com\/en\/wp-json\/wp\/v2\/users\/1"}],"replies":[{"embeddable":true,"href":"https:\/\/www.yukselpaketleme.com\/en\/wp-json\/wp\/v2\/comments?post=10725"}],"version-history":[{"count":0,"href":"https:\/\/www.yukselpaketleme.com\/en\/wp-json\/wp\/v2\/pages\/10725\/revisions"}],"wp:attachment":[{"href":"https:\/\/www.yukselpaketleme.com\/en\/wp-json\/wp\/v2\/media?parent=10725"}],"curies":[{"name":"wp","href":"https:\/\/api.w.org\/{rel}","templated":true}]}}