{"id":10724,"date":"2023-10-04T02:14:48","date_gmt":"2023-10-03T23:14:48","guid":{"rendered":"https:\/\/www.yukselpaketleme.com\/?page_id=10724"},"modified":"2023-10-04T02:22:01","modified_gmt":"2023-10-03T23:22:01","slug":"%d8%a7%d9%84%d9%85%d8%b1%d8%a7%d8%ac%d8%b9","status":"publish","type":"page","link":"https:\/\/www.yukselpaketleme.com\/ar\/%d8%a7%d9%84%d9%85%d8%b1%d8%a7%d8%ac%d8%b9\/","title":{"rendered":"\u0627\u0644\u0645\u0631\u0627\u062c\u0639"},"content":{"rendered":"\t\t<div data-elementor-type=\"wp-page\" data-elementor-id=\"10724\" class=\"elementor elementor-10724\">\n\t\t\t\t        <section class=\"elementor-section elementor-top-section elementor-element elementor-element-314139d7 elementor-section-content-middle elementor-section-boxed elementor-section-height-default elementor-section-height-default\" data-id=\"314139d7\" data-element_type=\"section\">\n            \n                        <div class=\"elementor-container elementor-column-gap-extended \">\n                    <div class=\"elementor-column elementor-col-50 elementor-top-column elementor-element elementor-element-5c75a3f5\" data-id=\"5c75a3f5\" data-element_type=\"column\">\n        <div class=\"elementor-widget-wrap elementor-element-populated\">\n                    \n        \t\t<div class=\"elementor-element elementor-element-9ed55c2 elementor-widget elementor-widget-ct_heading\" data-id=\"9ed55c2\" data-element_type=\"widget\" data-widget_type=\"ct_heading.default\">\n\t\t\t\t<div class=\"elementor-widget-container\">\n\t\t\t\t\t<div class=\"ct-heading h-align-  sub- ct-heading-left item-st-line-left1\">\r\n\t    <h3 class=\"item--title st-line-left1 \" data-wow-delay=\"ms\">\r\n                <span>\r\n                            <i><\/i>\r\n            \r\n            \u0645\u0627\u0643\u064a\u0646\u0627\u062a \u064a\u0648\u0643\u0633\u0644\r\n                    <\/span>\r\n            <\/h3>\r\n<\/div>\t\t\t\t<\/div>\n\t\t\t\t<\/div>\n\t\t            <\/div>\n        <\/div>\n                <div class=\"elementor-column elementor-col-50 elementor-top-column elementor-element elementor-element-3aaa0285\" data-id=\"3aaa0285\" data-element_type=\"column\">\n        <div class=\"elementor-widget-wrap elementor-element-populated\">\n                    \n        \t\t<div class=\"elementor-element elementor-element-17375fff elementor-widget elementor-widget-text-editor\" data-id=\"17375fff\" data-element_type=\"widget\" data-widget_type=\"text-editor.default\">\n\t\t\t\t<div class=\"elementor-widget-container\">\n\t\t\t\t\t\t\t\t\t<p>\u0627\u0644\u0631\u062c\u0627\u0621 \u0627\u0644\u062a\u0648\u0627\u0635\u0644 \u0645\u0639\u0646\u0627 \u0644\u0644\u062d\u0635\u0648\u0644 \u0639\u0644\u0649 \u0645\u0631\u0627\u062c\u0639\u0646\u0627 \u0627\u0644\u0623\u062e\u0631\u0649&#8230;<\/p>\t\t\t\t\t\t\t\t<\/div>\n\t\t\t\t<\/div>\n\t\t            <\/div>\n        <\/div>\n                    <\/div>\n        <\/section>\n                <section class=\"elementor-section elementor-top-section elementor-element elementor-element-a17133a elementor-section-boxed elementor-section-height-default elementor-section-height-default\" data-id=\"a17133a\" data-element_type=\"section\">\n            \n                        <div class=\"elementor-container elementor-column-gap-extended \">\n                    <div class=\"elementor-column elementor-col-100 elementor-top-column elementor-element elementor-element-d8f8ceb\" data-id=\"d8f8ceb\" data-element_type=\"column\">\n        <div class=\"elementor-widget-wrap elementor-element-populated\">\n                    \n        \t\t<div class=\"elementor-element elementor-element-a4527bb elementor-widget elementor-widget-ct_text_editor\" data-id=\"a4527bb\" data-element_type=\"widget\" data-widget_type=\"ct_text_editor.default\">\n\t\t\t\t<div class=\"elementor-widget-container\">\n\t\t\t\t\t<div id=\"ct_text_editor-a4527bb\" class=\"ct-text-editor \" data-wow-delay=\"ms\">\n\t<div class=\"ct-inline-css\"  data-css=\"\n        \t\t\">\n\n    <\/div>\n\t<div class=\"ct-text-editor elementor-clearfix\">\n\t\t<h3 style=\"text-align: center\">\u0627\u0644\u0645\u0631\u0627\u062c\u0639<\/h3><table width=\"777\"><tbody><tr><td width=\"140\">MERS\u0130N<\/td><td width=\"353\">HC K\u0130MYA<\/td><td width=\"284\">\u0622\u0644\u0629 \u0627\u0644\u062a\u0639\u0628\u0626\u0629 \u062d\u062c\u0645\u064a\u0629<\/td><\/tr><tr><td>KOCAEL\u0130<\/td><td>Y\u00d6NTEM KA\u011eIT<\/td><td>\u0622\u0644\u0629 \u0627\u0644\u062a\u0639\u0628\u0626\u0629 \u0623\u0641\u0642\u064a\u0629<\/td><\/tr><tr><td>\u0130STANBUL<\/td><td>HAKSAN GIDA<\/td><td>\u0622\u0644\u0629 \u0627\u0644\u062a\u0639\u0628\u0626\u0629 \u062d\u062c\u0645\u064a\u0629<\/td><\/tr><tr><td>GAZ\u0130ANTEP<\/td><td>SAMS GIDA<\/td><td>\u0622\u0644\u0629 \u0627\u0644\u062a\u0639\u0628\u0626\u0629 \u0628\u0645\u064a\u0632\u0627\u0646\u064a\u0629 10<\/td><\/tr><tr><td>ANKARA<\/td><td>\u00c7EV\u0130R\u0130 PLAST\u0130K<\/td><td>\u0622\u0644\u0629 \u0627\u0644\u062a\u0639\u0628\u0626\u0629 \u0628\u0645\u064a\u0632\u0627\u0646\u064a\u0629 10 \u0645\u062a\u0639\u062f\u062f\u0629 \u0627\u0644\u0631\u0624\u0648\u0633<\/td><\/tr><tr><td>\u0130ZM\u0130R<\/td><td>BURMAO\u011eLU<\/td><td>\u0622\u0644\u0629 \u0627\u0644\u062a\u0639\u0628\u0626\u0629 \u0623\u0641\u0642\u064a\u0629<\/td><\/tr><tr><td>GAZ\u0130ANTEP<\/td><td>HAM\u0130T I\u015eIK<\/td><td>\u0622\u0644\u0629 \u0627\u0644\u062a\u0639\u0628\u0626\u0629 \u0628\u0645\u064a\u0632\u0627\u0646\u064a\u0629 10 \u0645\u062a\u0639\u062f\u062f\u0629 \u0627\u0644\u0631\u0624\u0648\u0633<\/td><\/tr><tr><td>KIRIKKALE<\/td><td>KESK\u0130N KADIN G\u0130R\u0130\u015e\u0130M\u0130<\/td><td>\u0622\u0644\u0629 \u0627\u0644\u062a\u0639\u0628\u0626\u0629 \u0628\u0645\u064a\u0632\u0627\u0646\u064a\u0629 2<\/td><\/tr><tr><td>BURSA<\/td><td>SAYILAN KURUYEM\u0130\u015e<\/td><td>\u0622\u0644\u0629 \u0627\u0644\u062a\u0639\u0628\u0626\u0629 \u0628\u0645\u064a\u0632\u0627\u0646\u064a\u0629 3<\/td><\/tr><tr><td>\u0130STANBUL<\/td><td>CORNOS GIDA<\/td><td>\u0622\u0644\u0629 \u0627\u0644\u062a\u0639\u0628\u0626\u0629 \u0628\u0628\u0627\u0644\u064a\u062a<\/td><\/tr><tr><td>KIRKLAREL\u0130<\/td><td>MAB\u0130 GIDA<\/td><td>\u0622\u0644\u0629 \u0634\u0628\u0647 \u0622\u0644\u064a\u0629<\/td><\/tr><tr><td>ADIYAMAN<\/td><td>MAYTAT KURUYEM\u0130\u015e<\/td><td>\u0622\u0644\u0629 \u0634\u0628\u0647 \u0622\u0644\u064a\u0629<\/td><\/tr><tr><td>GAZ\u0130ANTEP<\/td><td>BARANTUR<\/td><td>\u0622\u0644\u0629 \u0627\u0644\u062a\u0639\u0628\u0626\u0629 \u0623\u0641\u0642\u064a\u0629<\/td><\/tr><tr><td>N\u0130Z\u0130P<\/td><td>SAYAR GIDA<\/td><td>\u0622\u0644\u0629 \u0627\u0644\u062a\u0639\u0628\u0626\u0629 \u0634\u0628\u0647 \u0622\u0644\u064a\u0629<\/td><\/tr><tr><td>MAN\u0130SA<\/td><td>TET DO\u011eAL KAYNAK<\/td><td>\u0622\u0644\u0629 \u0627\u0644\u062a\u0639\u0628\u0626\u0629 \u062d\u062c\u0645\u064a\u0629<\/td><\/tr><tr><td>MERS\u0130N<\/td><td>P\u0130 PLUS GER\u0130 D\u00d6N\u00dc\u015e\u00dcM<\/td><td>\u0622\u0644\u0629 \u0627\u0644\u062a\u0639\u0628\u0626\u0629 \u0628\u0645\u0633\u0645\u0627\u0631<\/td><\/tr><tr><td>BURSA<\/td><td>MED\u0130CPLUS MED\u0130KAL<\/td><td>\u0622\u0644\u0629 \u0627\u0644\u062a\u0639\u0628\u0626\u0629 \u0623\u0641\u0642\u064a\u0629<\/td><\/tr><tr><td>KOCAEL\u0130<\/td><td>\u00dc\u00c7EL BAHARAT<\/td><td>\u0622\u0644\u0629 \u0627\u0644\u062a\u0639\u0628\u0626\u0629 \u0628\u0645\u0633\u0645\u0627\u0631<\/td><\/tr><tr><td>RUSYA\u00a0<\/td><td>BALDO KAHVE\u00a0\u00a0<\/td><td>\u0622\u0644\u0629 \u0627\u0644\u062a\u0639\u0628\u0626\u0629 \u0628\u0645\u0633\u0645\u0627\u0631<\/td><\/tr><tr><td>D\u0130YARBAKIR<\/td><td>TEK\u0130N GIDA<\/td><td>\u0622\u0644\u0629 \u0627\u0644\u062a\u0639\u0628\u0626\u0629 \u0628\u0645\u0633\u0645\u0627\u0631<\/td><\/tr><tr><td>ANTALYA<\/td><td>KAL\u0130BRE GIDA<\/td><td>\u0622\u0644\u0629 \u0627\u0644\u062a\u0639\u0628\u0626\u0629 \u0628\u0645\u064a\u0632\u0627\u0646\u064a\u0629 2 \u062e\u0637\u064a<\/td><\/tr><tr><td>HATAY<\/td><td>B\u0130TAT DI\u015e T\u0130CARET<\/td><td>\u0622\u0644\u0629 \u0627\u0644\u062a\u0639\u0628\u0626\u0629 \u0628\u0645\u0633\u0645\u0627\u0631<\/td><\/tr><tr><td>\u015eANLIURFA<\/td><td>G\u00dcVEN TEKST\u0130L<\/td><td>\u0622\u0644\u0629 \u0627\u0644\u062a\u0639\u0628\u0626\u0629 \u0628\u0645\u0633\u0645\u0627\u0631<\/td><\/tr><tr><td>GAZ\u0130ANTEP<\/td><td>AKASYA GIDA\u00a0<\/td><td>\u0622\u0644\u0629 \u0627\u0644\u062a\u0639\u0628\u0626\u0629 \u062d\u062c\u0645\u064a\u0629<\/td><\/tr><tr><td>K.KIBRIS\u00a0<\/td><td>DEDECAN TRAD\u0130NG<\/td><td>\u0622\u0644\u0629 \u0627\u0644\u062a\u0639\u0628\u0626\u0629 \u0631\u0623\u0633\u064a\u0629<\/td><\/tr><tr><td>KAYSER\u0130\u00a0<\/td><td>\u00d6D\u00dcL TARIM\u00a0<\/td><td>\u0622\u0644\u0629 \u0627\u0644\u062a\u0639\u0628\u0626\u0629 \u0631\u0623\u0633\u064a\u0629<\/td><\/tr><tr><td>K\u0130L\u0130S\u00a0<\/td><td>\u0130KBAL GROUP\u00a0<\/td><td>\u0622\u0644\u0629 \u0627\u0644\u062a\u0639\u0628\u0626\u0629 \u0623\u0641\u0642\u064a\u0629<\/td><\/tr><tr><td>\u015e.URFA<\/td><td>AHMET \u00d6NCEL\u00a0<\/td><td>\u0622\u0644\u0629 \u0627\u0644\u062a\u0639\u0628\u0626\u0629 \u0631\u0623\u0633\u064a\u0629<\/td><\/tr><tr><td>\u0130STANBUL\u00a0<\/td><td>SGS EL ALETLER\u0130<\/td><td>\u0622\u0644\u0629 \u0627\u0644\u062a\u0639\u0628\u0626\u0629 \u0628\u0645\u064a\u0632\u0627\u0646\u064a\u0629 10<\/td><\/tr><tr><td>ANKARA<\/td><td>FEN\u0130KSAN GIDA\u00a0<\/td><td>\u0622\u0644\u0629 \u0627\u0644\u062a\u0639\u0628\u0626\u0629 \u0628\u0645\u064a\u0632\u0627\u0646\u064a\u0629 10<\/td><\/tr><tr><td>\u0130STANBUL\u00a0<\/td><td>F\u0130LE PLAST\u0130K\u00a0<\/td><td>\u0622\u0644\u0629 \u0627\u0644\u062a\u0639\u0628\u0626\u0629 \u0628\u0645\u064a\u0632\u0627\u0646\u064a\u0629 10<\/td><\/tr><tr><td>ANKARA<\/td><td>PALM\u0130RA GIDA<\/td><td>\u0622\u0644\u0629 \u0627\u0644\u062a\u0639\u0628\u0626\u0629 \u0628\u0645\u064a\u0632\u0627\u0646\u064a\u0629 4<\/td><\/tr><tr><td>RUSYA\u00a0<\/td><td>ALMAS T\u0130CARET\u00a0<\/td><td>\u0622\u0644\u0629 \u0627\u0644\u062a\u0639\u0628\u0626\u0629 \u0628\u0645\u064a\u0632\u0627\u0646\u064a\u0629 4<\/td><\/tr><tr><td>BEL\u00c7\u0130KA\u00a0<\/td><td>MUHTAROGLU SRL DOOREN\u00a0 MERCHTEM\u00a0<\/td><td>\u0622\u0644\u0629 \u0627\u0644\u062a\u0639\u0628\u0626\u0629 \u0628\u0645\u064a\u0632\u0627\u0646\u064a\u0629 10<\/td><\/tr><tr><td>K.IRAK\u00a0<\/td><td>HACI KASIM BEY\u00a0<\/td><td>\u0622\u0644\u0629 \u0627\u0644\u062a\u0639\u0628\u0626\u0629 \u0628\u0645\u0633\u0645\u0627\u0631<\/td><\/tr><tr><td>K.IRAK\u00a0<\/td><td>HESPERE\u015e\u00a0 GIDA\u00a0<\/td><td>\u0622\u0644\u0629 \u0627\u0644\u062a\u0639\u0628\u0626\u0629 \u062d\u062c\u0645\u064a\u0629<\/td><\/tr><tr><td>K.K.T.C<\/td><td>SAMPA GIDA<\/td><td>\u0622\u0644\u0629 \u0627\u0644\u062a\u0639\u0628\u0626\u0629 \u062d\u062c\u0645\u064a\u0629<\/td><\/tr><tr><td>MOLDOVA\u00a0<\/td><td>SAM\u0130R BEY\u00a0<\/td><td>\u0622\u0644\u0629 \u0627\u0644\u062a\u0639\u0628\u0626\u0629 \u0628\u0645\u064a\u0632\u0627\u0646\u064a\u0629 10<\/td><\/tr><tr><td>KIRGIZ\u0130STAN\u00a0<\/td><td>\u00a0<\/td><td>\u0622\u0644\u0629 \u0627\u0644\u062a\u0639\u0628\u0626\u0629 \u0628\u0645\u064a\u0632\u0627\u0646\u064a\u0629 10<\/td><\/tr><tr><td>AZARBEYCAN\u00a0<\/td><td>\u00a0<\/td><td>\u0622\u0644\u0629 \u0627\u0644\u062a\u0639\u0628\u0626\u0629 \u0628\u0645\u064a\u0632\u0627\u0646\u064a\u0629 4<\/td><\/tr><tr><td>K\u0130L\u0130S\u00a0<\/td><td>\u0130KBAL GROUP\u00a0<\/td><td>\u0622\u0644\u0629 \u062a\u0639\u0628\u0626\u0629 \u0628\u0645\u064a\u0632\u0627\u0646\u064a\u0629 10 \u0644\u0645\u0644\u0621 \u0627\u0644\u0623\u0643\u0648\u0627\u0628<\/td><\/tr><tr><td>RUSYA KARA\u00c7AY<\/td><td>AL\u0130 KURBAN\u00a0<\/td><td>\u0622\u0644\u0629 \u0627\u0644\u062a\u0639\u0628\u0626\u0629 \u0628\u0645\u064a\u0632\u0627\u0646\u064a\u0629 10<\/td><\/tr><tr><td>G\u00dcRC\u0130STAN\u00a0<\/td><td>ERG\u00dc\u00c7 GIDA\u00a0<\/td><td>\u0622\u0644\u0629 \u0627\u0644\u062a\u0639\u0628\u0626\u0629 \u0628\u0645\u064a\u0632\u0627\u0646\u064a\u0629 4<\/td><\/tr><tr><td>\u0130RAN\u00a0<\/td><td>FOROZANAZAR GIDA\u00a0<\/td><td>\u0622\u0644\u0629 \u0628\u0645\u064a\u0632\u0627\u0646\u064a\u0629 10<\/td><\/tr><tr><td>GAZ\u0130ANTEP<\/td><td>AKAY B\u0130SK\u00dcV\u0130<\/td><td>\u0622\u0644\u0629 \u0628\u0645\u064a\u0632\u0627\u0646\u064a\u0629 10<\/td><\/tr><tr><td>AFR\u0130KA\u00a0<\/td><td>YAKUP BEY\u00a0<\/td><td>\u0622\u0644\u0629 \u0627\u0644\u062a\u0639\u0628\u0626\u0629 \u0628\u0645\u064a\u0632\u0627\u0646\u064a\u0629 10<\/td><\/tr><tr><td>MARD\u0130N\u00a0<\/td><td>BUDAK \u00c7AY\u00a0<\/td><td>\u0645\u0635\u0646\u0639 \u0631\u0642\u0627\u0626\u0642 \u0627\u0644\u0628\u0637\u0627\u0637\u0633<\/td><\/tr><tr><td>MARD\u0130N\u00a0<\/td><td>B\u0130SENLER GIDA<\/td><td>\u0622\u0644\u0629 \u0627\u0644\u062a\u0639\u0628\u0626\u0629 \u0628\u0645\u064a\u0632\u0627\u0646\u064a\u0629 4<\/td><\/tr><tr><td>\u015eANLIURFA<\/td><td>AL\u0130 BEY\u00a0<\/td><td>\u0622\u0644\u0629 \u0627\u0644\u062a\u0639\u0628\u0626\u0629 \u0628\u0645\u064a\u0632\u0627\u0646\u064a\u0629 4<\/td><\/tr><tr><td>N\u0130Z\u0130P\u00a0<\/td><td>\u00d6Z SARI BULGUR\u00a0<\/td><td>\u0622\u0644\u0629 \u0627\u0644\u062a\u0639\u0628\u0626\u0629 \u062d\u062c\u0645\u064a\u0629<\/td><\/tr><tr><td>N\u0130\u011eDE\u00a0<\/td><td>ERDEMLER KURUYEM\u0130\u015e\u00a0<\/td><td>\u0622\u0644\u0629 \u0627\u0644\u062a\u0639\u0628\u0626\u0629 \u0628\u0645\u0633\u0645\u0627\u0631<\/td><\/tr><\/tbody><\/table>\t\t\n\t<\/div>\n<\/div>\t\t\t\t<\/div>\n\t\t\t\t<\/div>\n\t\t            <\/div>\n        <\/div>\n                    <\/div>\n        <\/section>\n        \t\t<\/div>\n\t\t","protected":false},"excerpt":{"rendered":"<p>\u0645\u0627\u0643\u064a\u0646\u0627\u062a \u064a\u0648\u0643\u0633\u0644 \u0627\u0644\u0631\u062c\u0627\u0621 \u0627\u0644\u062a\u0648\u0627\u0635\u0644 \u0645\u0639\u0646\u0627 \u0644\u0644\u062d\u0635\u0648\u0644 \u0639\u0644\u0649 \u0645\u0631\u0627\u062c\u0639\u0646\u0627 \u0627\u0644\u0623\u062e\u0631\u0649&#8230; \u0627\u0644\u0645\u0631\u0627\u062c\u0639 MERS\u0130N HC K\u0130MYA \u0622\u0644\u0629 \u0627\u0644\u062a\u0639\u0628\u0626\u0629 \u062d\u062c\u0645\u064a\u0629 KOCAEL\u0130 Y\u00d6NTEM KA\u011eIT \u0622\u0644\u0629 \u0627\u0644\u062a\u0639\u0628\u0626\u0629 \u0623\u0641\u0642\u064a\u0629 \u0130STANBUL HAKSAN GIDA \u0622\u0644\u0629 \u0627\u0644\u062a\u0639\u0628\u0626\u0629 \u062d\u062c\u0645\u064a\u0629 GAZ\u0130ANTEP SAMS GIDA \u0622\u0644\u0629 \u0627\u0644\u062a\u0639\u0628\u0626\u0629 \u0628\u0645\u064a\u0632\u0627\u0646\u064a\u0629 10 ANKARA \u00c7EV\u0130R\u0130 PLAST\u0130K \u0622\u0644\u0629 \u0627\u0644\u062a\u0639\u0628\u0626\u0629 \u0628\u0645\u064a\u0632\u0627\u0646\u064a\u0629 10 \u0645\u062a\u0639\u062f\u062f\u0629 \u0627\u0644\u0631\u0624\u0648\u0633 \u0130ZM\u0130R BURMAO\u011eLU \u0622\u0644\u0629 \u0627\u0644\u062a\u0639\u0628\u0626\u0629 \u0623\u0641\u0642\u064a\u0629 GAZ\u0130ANTEP HAM\u0130T I\u015eIK \u0622\u0644\u0629 \u0627\u0644\u062a\u0639\u0628\u0626\u0629 \u0628\u0645\u064a\u0632\u0627\u0646\u064a\u0629 [&hellip;]<\/p>\n","protected":false},"author":1,"featured_media":0,"parent":0,"menu_order":0,"comment_status":"closed","ping_status":"closed","template":"","meta":{"_monsterinsights_skip_tracking":false,"_monsterinsights_sitenote_active":false,"_monsterinsights_sitenote_note":"","_monsterinsights_sitenote_category":0,"footnotes":""},"class_list":["post-10724","page","type-page","status-publish","hentry"],"aioseo_notices":[],"_links":{"self":[{"href":"https:\/\/www.yukselpaketleme.com\/ar\/wp-json\/wp\/v2\/pages\/10724","targetHints":{"allow":["GET"]}}],"collection":[{"href":"https:\/\/www.yukselpaketleme.com\/ar\/wp-json\/wp\/v2\/pages"}],"about":[{"href":"https:\/\/www.yukselpaketleme.com\/ar\/wp-json\/wp\/v2\/types\/page"}],"author":[{"embeddable":true,"href":"https:\/\/www.yukselpaketleme.com\/ar\/wp-json\/wp\/v2\/users\/1"}],"replies":[{"embeddable":true,"href":"https:\/\/www.yukselpaketleme.com\/ar\/wp-json\/wp\/v2\/comments?post=10724"}],"version-history":[{"count":0,"href":"https:\/\/www.yukselpaketleme.com\/ar\/wp-json\/wp\/v2\/pages\/10724\/revisions"}],"wp:attachment":[{"href":"https:\/\/www.yukselpaketleme.com\/ar\/wp-json\/wp\/v2\/media?parent=10724"}],"curies":[{"name":"wp","href":"https:\/\/api.w.org\/{rel}","templated":true}]}}